{"id":1142,"date":"2025-09-01T20:02:51","date_gmt":"2025-09-01T13:02:51","guid":{"rendered":"https:\/\/fami.hust.edu.vn\/en\/?page_id=1142"},"modified":"2025-09-05T14:23:28","modified_gmt":"2025-09-05T07:23:28","slug":"analysis-group","status":"publish","type":"page","link":"https:\/\/fami.hust.edu.vn\/en\/academic-group\/analysis-group\/","title":{"rendered":"Analysis Group"},"content":{"rendered":"<h3><b>Analysis Group<\/b><\/h3>\n<p><img loading=\"lazy\" decoding=\"async\" class=\"alignnone size-full wp-image-1143\" src=\"https:\/\/fami.hust.edu.vn\/en\/wp-content\/uploads\/2025\/09\/NCM_Giaitich-1024x576-1.jpg\" alt=\"\" width=\"1024\" height=\"576\" srcset=\"https:\/\/fami.hust.edu.vn\/en\/wp-content\/uploads\/2025\/09\/NCM_Giaitich-1024x576-1.jpg 1024w, https:\/\/fami.hust.edu.vn\/en\/wp-content\/uploads\/2025\/09\/NCM_Giaitich-1024x576-1-300x169.jpg 300w, https:\/\/fami.hust.edu.vn\/en\/wp-content\/uploads\/2025\/09\/NCM_Giaitich-1024x576-1-768x432.jpg 768w, https:\/\/fami.hust.edu.vn\/en\/wp-content\/uploads\/2025\/09\/NCM_Giaitich-1024x576-1-570x320.jpg 570w, https:\/\/fami.hust.edu.vn\/en\/wp-content\/uploads\/2025\/09\/NCM_Giaitich-1024x576-1-24x14.jpg 24w, https:\/\/fami.hust.edu.vn\/en\/wp-content\/uploads\/2025\/09\/NCM_Giaitich-1024x576-1-36x20.jpg 36w, https:\/\/fami.hust.edu.vn\/en\/wp-content\/uploads\/2025\/09\/NCM_Giaitich-1024x576-1-48x27.jpg 48w\" sizes=\"auto, (max-width: 1024px) 100vw, 1024px\" \/><\/p>\n<p><span style=\"font-weight: 400;\">From left to right: Dr. \u0110o\u00e0n C\u00f4ng \u0110\u1ecbnh, Dr. \u0110\u00e0o Tu\u1ea5n Anh, Dr. Phan Xu\u00e2n Th\u00e0nh, Dr. L\u00ea V\u0103n T\u1ee9, Dr. B\u00f9i Xu\u00e2n Di\u1ec7u, Dr. V\u0169 Th\u1ecb Ng\u1ecdc H\u00e0, Dr. Tr\u1ea7n Th\u1ecb Kim Oanh, Dr. Nguy\u1ec5n Th\u1ecb Thu H\u01b0\u01a1ng, Dr. H\u00e0 Phi. (Photo: Dr. V\u0169 Th\u00e0nh Nam)<\/span><\/p>\n<h4><b>General Introduction<\/b><\/h4>\n<p><span style=\"font-weight: 400;\">The <\/span><b>Analysis Group<\/b><span style=\"font-weight: 400;\"> belongs to the Faculty of Mathematics and Informatics and was established under Decision No. 2501\/Q\u0110-\u0110HBK dated March 21, 2024, by the President of Hanoi University of Science and Technology, based on the restructuring of the former Fundamental Mathematics Department. Together with the Algebra Group, it originates from the Fundamental Mathematics Department, one of the oldest departments at Hanoi University of Science and Technology.<\/span><\/p>\n<p><span style=\"font-weight: 400;\">The group is responsible for the academic management of general mathematics courses (for all students of Hanoi University of Science and Technology) and foundational courses (for undergraduate and graduate students in Mathematics-Informatics) such as: Calculus I, Calculus III, Foundations of Functional Analysis, Partial Differential Equations, Complex Analysis and Applications, Operator Calculus, Convolution-type Integral Transforms and Applications.<\/span><\/p>\n<p><span style=\"font-weight: 400;\">In addition to teaching, the group members also lead and conduct several important research projects. The group\u2019s main research areas include: Differential and Integral Equations, Partial Differential Equations, Semi-group Theory, Spectral Theory, Complex Analysis and Applications, Optimization, and more.<\/span><\/p>\n<h4><b>Contact Information<\/b><\/h4>\n<p><span style=\"font-weight: 400;\">Dr. B\u00f9i Xu\u00e2n Di\u1ec7u (Head of the Specialized Group)<\/span><\/p>\n<p><span style=\"font-weight: 400;\">Email: dieu.buixuan@hust.edu.vn<\/span><span style=\"font-weight: 400;\"><br \/>\n<\/span><span style=\"font-weight: 400;\">Phone: +84 243 869 2137<\/span><span style=\"font-weight: 400;\"><br \/>\n<\/span><span style=\"font-weight: 400;\">Address: Room 105, D3 Building, Hanoi University of Science and Technology (1 Dai Co Viet, Bach Mai, Hanoi)<\/span><\/p>\n","protected":false},"excerpt":{"rendered":"<p>Analysis Group From left to right: Dr. \u0110o\u00e0n C\u00f4ng \u0110\u1ecbnh, Dr. \u0110\u00e0o Tu\u1ea5n Anh, Dr. Phan Xu\u00e2n Th\u00e0nh, Dr. L\u00ea V\u0103n T\u1ee9, Dr. B\u00f9i Xu\u00e2n Di\u1ec7u, Dr. V\u0169 Th\u1ecb Ng\u1ecdc H\u00e0, Dr. Tr\u1ea7n Th\u1ecb Kim Oanh, Dr. Nguy\u1ec5n Th\u1ecb Thu H\u01b0\u01a1ng, Dr. H\u00e0 Phi. (Photo: Dr. V\u0169 Th\u00e0nh Nam) General Introduction [&hellip;]<\/p>\n","protected":false},"author":1,"featured_media":0,"parent":722,"menu_order":0,"comment_status":"closed","ping_status":"closed","template":"","meta":{"inline_featured_image":false,"footnotes":""},"class_list":["post-1142","page","type-page","status-publish","hentry"],"_links":{"self":[{"href":"https:\/\/fami.hust.edu.vn\/en\/wp-json\/wp\/v2\/pages\/1142","targetHints":{"allow":["GET"]}}],"collection":[{"href":"https:\/\/fami.hust.edu.vn\/en\/wp-json\/wp\/v2\/pages"}],"about":[{"href":"https:\/\/fami.hust.edu.vn\/en\/wp-json\/wp\/v2\/types\/page"}],"author":[{"embeddable":true,"href":"https:\/\/fami.hust.edu.vn\/en\/wp-json\/wp\/v2\/users\/1"}],"replies":[{"embeddable":true,"href":"https:\/\/fami.hust.edu.vn\/en\/wp-json\/wp\/v2\/comments?post=1142"}],"version-history":[{"count":7,"href":"https:\/\/fami.hust.edu.vn\/en\/wp-json\/wp\/v2\/pages\/1142\/revisions"}],"predecessor-version":[{"id":1259,"href":"https:\/\/fami.hust.edu.vn\/en\/wp-json\/wp\/v2\/pages\/1142\/revisions\/1259"}],"up":[{"embeddable":true,"href":"https:\/\/fami.hust.edu.vn\/en\/wp-json\/wp\/v2\/pages\/722"}],"wp:attachment":[{"href":"https:\/\/fami.hust.edu.vn\/en\/wp-json\/wp\/v2\/media?parent=1142"}],"curies":[{"name":"wp","href":"https:\/\/api.w.org\/{rel}","templated":true}]}}