{"id":1139,"date":"2025-09-01T20:02:04","date_gmt":"2025-09-01T13:02:04","guid":{"rendered":"https:\/\/fami.hust.edu.vn\/en\/?page_id=1139"},"modified":"2025-09-05T14:20:44","modified_gmt":"2025-09-05T07:20:44","slug":"probability-and-statistics-with-applications-group","status":"publish","type":"page","link":"https:\/\/fami.hust.edu.vn\/en\/academic-group\/probability-and-statistics-with-applications-group\/","title":{"rendered":"Probability and Statistics with Applications Group"},"content":{"rendered":"<h3><b>Probability and Statistics with Applications Group<\/b><\/h3>\n<p><img loading=\"lazy\" decoding=\"async\" class=\"alignnone size-full wp-image-1140\" src=\"https:\/\/fami.hust.edu.vn\/en\/wp-content\/uploads\/2025\/09\/XSTK1-1024x576-1.jpg\" alt=\"\" width=\"1024\" height=\"576\" srcset=\"https:\/\/fami.hust.edu.vn\/en\/wp-content\/uploads\/2025\/09\/XSTK1-1024x576-1.jpg 1024w, https:\/\/fami.hust.edu.vn\/en\/wp-content\/uploads\/2025\/09\/XSTK1-1024x576-1-300x169.jpg 300w, https:\/\/fami.hust.edu.vn\/en\/wp-content\/uploads\/2025\/09\/XSTK1-1024x576-1-768x432.jpg 768w, https:\/\/fami.hust.edu.vn\/en\/wp-content\/uploads\/2025\/09\/XSTK1-1024x576-1-570x320.jpg 570w, https:\/\/fami.hust.edu.vn\/en\/wp-content\/uploads\/2025\/09\/XSTK1-1024x576-1-24x14.jpg 24w, https:\/\/fami.hust.edu.vn\/en\/wp-content\/uploads\/2025\/09\/XSTK1-1024x576-1-36x20.jpg 36w, https:\/\/fami.hust.edu.vn\/en\/wp-content\/uploads\/2025\/09\/XSTK1-1024x576-1-48x27.jpg 48w\" sizes=\"auto, (max-width: 1024px) 100vw, 1024px\" \/><\/p>\n<p><span style=\"font-weight: 400;\">From left to right, front row: MSc. V\u0169 Th\u1ecb Hu\u1ec7, Assoc. Prof. Nguy\u1ec5n Th\u1ecb Thu Thu\u1ef7, Dr. Nguy\u1ec5n V\u0103n H\u1ea1nh, Dr. Nguy\u1ec5n Th\u1ecb Thanh Hi\u1ec1n; back row: Dr. Tr\u1ea7n Ng\u1ecdc Khu\u00ea, Dr. Kh\u1ed5ng V\u0103n H\u1ea3i, Assoc. Prof. Nguy\u1ec5n Th\u1ecb Ng\u1ecdc Anh, Dr. Nguy\u1ec5n H\u1eefu Du, MSc. L\u00ea Xu\u00e2n L\u00fd (Photo: Dr. V\u0169 Th\u00e0nh Nam)<\/span><\/p>\n<h4><b>General Introduction<\/b><\/h4>\n<p><span style=\"font-weight: 400;\">The <\/span><b>Probability, Statistics, and Applications Group<\/b><span style=\"font-weight: 400;\"> belongs to the Faculty of Mathematics and Informatics and was established under Decision No. 2501\/Q\u0110-\u0110HBK dated March 21, 2024, by the President of Hanoi University of Science and Technology. The group consists of 10 core members, including 2 Assoc. Prof., 7 Ph.D.s, and 2 M.Sc.s. It is responsible for the academic management of several general courses in undergraduate engineering and bachelor programs, as well as foundational and specialized courses in the undergraduate and graduate programs in Mathematics-Informatics and Information Systems Management.<\/span><\/p>\n<p><span style=\"font-weight: 400;\">Building on the University\u2019s and Faculty\u2019s tradition of training high-quality human resources, the group\u2019s teaching staff consistently focus on professional development and ensuring the quality of the courses they manage. The content of each course is kept up-to-date, modern, aligned with the curriculum requirements, and closely connected to practical applications and technological advancements.<\/span><\/p>\n<p><span style=\"font-weight: 400;\">In addition to teaching, the group undertakes other tasks assigned by the Faculty of Mathematics and Informatics. Notably, the group has led and collaborated on numerous programs, research topics, and projects in the fields of probability, statistics, and their applications.<\/span><\/p>\n<h4><b>Contact Information<\/b><\/h4>\n<p><span style=\"font-weight: 400;\">Dr. Nguy\u1ec5n V\u0103n H\u1ea1nh (Head of the Specialized Group)<\/span><\/p>\n<p><span style=\"font-weight: 400;\">Email: hanh.nguyenvan1@hust.edu.vn<\/span><span style=\"font-weight: 400;\"><br \/>\n<\/span><span style=\"font-weight: 400;\">Phone: +84 (024) 3868 2416<\/span><span style=\"font-weight: 400;\"><br \/>\n<\/span><span style=\"font-weight: 400;\">Address: Room 201Bis, D3-5 Building, Hanoi University of Science and Technology (1 Dai Co Viet, Bach Mai, Hanoi)<\/span><\/p>\n","protected":false},"excerpt":{"rendered":"<p>Probability and Statistics with Applications Group From left to right, front row: MSc. V\u0169 Th\u1ecb Hu\u1ec7, Assoc. Prof. Nguy\u1ec5n Th\u1ecb Thu Thu\u1ef7, Dr. Nguy\u1ec5n V\u0103n H\u1ea1nh, Dr. Nguy\u1ec5n Th\u1ecb Thanh Hi\u1ec1n; back row: Dr. Tr\u1ea7n Ng\u1ecdc Khu\u00ea, Dr. Kh\u1ed5ng V\u0103n H\u1ea3i, Assoc. Prof. Nguy\u1ec5n Th\u1ecb Ng\u1ecdc Anh, Dr. Nguy\u1ec5n H\u1eefu Du, [&hellip;]<\/p>\n","protected":false},"author":1,"featured_media":0,"parent":722,"menu_order":0,"comment_status":"closed","ping_status":"closed","template":"","meta":{"inline_featured_image":false,"footnotes":""},"class_list":["post-1139","page","type-page","status-publish","hentry"],"_links":{"self":[{"href":"https:\/\/fami.hust.edu.vn\/en\/wp-json\/wp\/v2\/pages\/1139","targetHints":{"allow":["GET"]}}],"collection":[{"href":"https:\/\/fami.hust.edu.vn\/en\/wp-json\/wp\/v2\/pages"}],"about":[{"href":"https:\/\/fami.hust.edu.vn\/en\/wp-json\/wp\/v2\/types\/page"}],"author":[{"embeddable":true,"href":"https:\/\/fami.hust.edu.vn\/en\/wp-json\/wp\/v2\/users\/1"}],"replies":[{"embeddable":true,"href":"https:\/\/fami.hust.edu.vn\/en\/wp-json\/wp\/v2\/comments?post=1139"}],"version-history":[{"count":7,"href":"https:\/\/fami.hust.edu.vn\/en\/wp-json\/wp\/v2\/pages\/1139\/revisions"}],"predecessor-version":[{"id":1258,"href":"https:\/\/fami.hust.edu.vn\/en\/wp-json\/wp\/v2\/pages\/1139\/revisions\/1258"}],"up":[{"embeddable":true,"href":"https:\/\/fami.hust.edu.vn\/en\/wp-json\/wp\/v2\/pages\/722"}],"wp:attachment":[{"href":"https:\/\/fami.hust.edu.vn\/en\/wp-json\/wp\/v2\/media?parent=1139"}],"curies":[{"name":"wp","href":"https:\/\/api.w.org\/{rel}","templated":true}]}}