{"id":1136,"date":"2025-09-01T19:59:56","date_gmt":"2025-09-01T12:59:56","guid":{"rendered":"https:\/\/fami.hust.edu.vn\/en\/?page_id=1136"},"modified":"2025-09-05T13:59:35","modified_gmt":"2025-09-05T06:59:35","slug":"optimization-and-scientific-computing-group","status":"publish","type":"page","link":"https:\/\/fami.hust.edu.vn\/en\/academic-group\/optimization-and-scientific-computing-group\/","title":{"rendered":"Optimization and Scientific Computing Group"},"content":{"rendered":"<h3><b>Optimization and Scientific Computing Group<\/b><\/h3>\n<p><img loading=\"lazy\" decoding=\"async\" class=\"alignnone size-full wp-image-1137\" src=\"https:\/\/fami.hust.edu.vn\/en\/wp-content\/uploads\/2025\/09\/NCM_Toiuu-1024x576-1.jpg\" alt=\"\" width=\"1024\" height=\"576\" srcset=\"https:\/\/fami.hust.edu.vn\/en\/wp-content\/uploads\/2025\/09\/NCM_Toiuu-1024x576-1.jpg 1024w, https:\/\/fami.hust.edu.vn\/en\/wp-content\/uploads\/2025\/09\/NCM_Toiuu-1024x576-1-300x169.jpg 300w, https:\/\/fami.hust.edu.vn\/en\/wp-content\/uploads\/2025\/09\/NCM_Toiuu-1024x576-1-768x432.jpg 768w, https:\/\/fami.hust.edu.vn\/en\/wp-content\/uploads\/2025\/09\/NCM_Toiuu-1024x576-1-570x320.jpg 570w, https:\/\/fami.hust.edu.vn\/en\/wp-content\/uploads\/2025\/09\/NCM_Toiuu-1024x576-1-24x14.jpg 24w, https:\/\/fami.hust.edu.vn\/en\/wp-content\/uploads\/2025\/09\/NCM_Toiuu-1024x576-1-36x20.jpg 36w, https:\/\/fami.hust.edu.vn\/en\/wp-content\/uploads\/2025\/09\/NCM_Toiuu-1024x576-1-48x27.jpg 48w\" sizes=\"auto, (max-width: 1024px) 100vw, 1024px\" \/><\/p>\n<p><span style=\"font-weight: 400;\">From left to right, front row: Dr. Nguy\u1ec5n Trung D\u0169ng, Dr. Nguy\u1ec5n Ph\u01b0\u01a1ng Th\u00f9y, Dr. T\u1ea1 Th\u1ecb Thanh Mai, Dr. Ph\u1ea1m Th\u1ecb Ho\u00e0i, Dr. H\u00e0 Th\u1ecb Ng\u1ecdc Y\u1ebfn; back row: Assoc. Prof. Nguy\u1ec5n Tr\u01b0\u1eddng Thanh, Dr. \u0110\u1eb7ng \u0110\u00ecnh C\u00f4ng, Dr. \u0110\u1ed7 \u0110\u1ee9c T\u00e2m, MSc. Nguy\u1ec5n \u0110\u1ee9c Anh, Assoc. Prof. Tr\u1ecbnh Ng\u1ecdc H\u1ea3i, Assoc. Prof. \u0110\u1ed7 \u0110\u1ee9c Thu\u1eadn, Assoc. Prof. D\u01b0\u01a1ng Anh Tu\u1ea5n, Dr. Nguy\u1ec5n C\u1ea3nh Nam, Dr. T\u1ea1 Anh S\u01a1n. (Photo: Dr. V\u0169 Th\u00e0nh Nam)<\/span><\/p>\n<h4><b>General Introduction<\/b><\/h4>\n<p><span style=\"font-weight: 400;\">The <\/span><b>Optimization and Scientific Computing Group<\/b><span style=\"font-weight: 400;\"> belongs to the Faculty of Mathematics and Informatics and was established under Decision No. 2501\/Q\u0110-\u0110HBK dated March 21, 2024, by the President of Hanoi University of Science and Technology. The group is responsible for the academic management of foundational and specialized courses with an applied mathematics orientation in the undergraduate and graduate programs of the Faculty of Mathematics and Informatics. To closely link education with scientific research, the group actively develops the following research areas:<\/span><\/p>\n<h4><b>Optimization Theory and Control<\/b><\/h4>\n<ul>\n<li style=\"font-weight: 400;\" aria-level=\"1\"><span style=\"font-weight: 400;\">Optimal control and qualitative properties of control systems<\/span><\/li>\n<li style=\"font-weight: 400;\" aria-level=\"1\"><span style=\"font-weight: 400;\">Equilibrium problems and variational inequalities<\/span><\/li>\n<li style=\"font-weight: 400;\" aria-level=\"1\"><span style=\"font-weight: 400;\">Non-convex optimization, DC optimization<\/span><\/li>\n<li style=\"font-weight: 400;\" aria-level=\"1\"><span style=\"font-weight: 400;\">Multi-objective optimization and related problems<\/span><\/li>\n<li style=\"font-weight: 400;\" aria-level=\"1\"><span style=\"font-weight: 400;\">Discrete optimization<\/span><\/li>\n<li style=\"font-weight: 400;\" aria-level=\"1\"><span style=\"font-weight: 400;\">Optimization problems in quantum computing<\/span><\/li>\n<\/ul>\n<h4><b>Scientific Computing<\/b><\/h4>\n<ul>\n<li style=\"font-weight: 400;\" aria-level=\"1\"><span style=\"font-weight: 400;\">Dynamical systems and applications<\/span><\/li>\n<li style=\"font-weight: 400;\" aria-level=\"1\"><span style=\"font-weight: 400;\">Theory of partial differential equations<\/span><\/li>\n<li style=\"font-weight: 400;\" aria-level=\"1\"><span style=\"font-weight: 400;\">Numerical solutions for partial differential equations<\/span><\/li>\n<li style=\"font-weight: 400;\" aria-level=\"1\"><span style=\"font-weight: 400;\">Mathematical modeling in complex systems and mathematical biology<\/span><\/li>\n<li style=\"font-weight: 400;\" aria-level=\"1\"><span style=\"font-weight: 400;\">Mathematical modeling in AI and deep learning<\/span><\/li>\n<\/ul>\n<h4><b>Research and Training Collaborations<\/b><\/h4>\n<p><i><span style=\"font-weight: 400;\">Domestic:<\/span><\/i><span style=\"font-weight: 400;\"> Institute of Mathematics, Vietnam Advanced Institute for Mathematics, University of Natural Sciences, Hanoi National University of Education, Hanoi International School \u2013 VNU, etc.<\/span><span style=\"font-weight: 400;\"><br \/>\n<\/span><i><span style=\"font-weight: 400;\">International:<\/span><\/i><span style=\"font-weight: 400;\"> Technical University of Berlin (Germany), University of Graz (Austria), Ritsumeikan University (Japan), Sorbonne University (Paris 6, France), University of Lorraine (France), University of Bordeaux (France), University of Groningen (Netherlands), etc.<\/span><\/p>\n<h4><b>Scientific Projects<\/b><\/h4>\n<p><span style=\"font-weight: 400;\">In addition to teaching, the group undertakes scientific tasks as assigned by the Faculty of Mathematics and Informatics. Notably, the group leads several programs, projects, and research topics in applied mathematics:<\/span><\/p>\n<ul>\n<li style=\"font-weight: 400;\" aria-level=\"1\"><span style=\"font-weight: 400;\">Interdisciplinary and internal-level projects<\/span><\/li>\n<li style=\"font-weight: 400;\" aria-level=\"1\"><span style=\"font-weight: 400;\">Ministry-level projects<\/span><\/li>\n<li style=\"font-weight: 400;\" aria-level=\"1\"><span style=\"font-weight: 400;\">Nafosted-funded projects<\/span><\/li>\n<li style=\"font-weight: 400;\" aria-level=\"1\"><span style=\"font-weight: 400;\">National Key Program for the Development of Mathematics<\/span><\/li>\n<li style=\"font-weight: 400;\" aria-level=\"1\"><span style=\"font-weight: 400;\">VinIF-funded projects<\/span><\/li>\n<\/ul>\n<h4><b>Contact Information<\/b><\/h4>\n<p><span style=\"font-weight: 400;\">Dr. T\u1ea1 Th\u1ecb Thanh Mai (Head of the Specialized Group)<\/span><\/p>\n<p><span style=\"font-weight: 400;\">Email: mai.tathithanh@hust.edu.vn<\/span><span style=\"font-weight: 400;\"><br \/>\n<\/span><span style=\"font-weight: 400;\">Phone: +84 243 869 2137<\/span><span style=\"font-weight: 400;\"><br \/>\n<\/span><span style=\"font-weight: 400;\">Address: Room 201bis, D3-5 Building, Hanoi University of Science and Technology (1 Dai Co Viet, Bach Mai, Hanoi)<\/span><\/p>\n","protected":false},"excerpt":{"rendered":"<p>Optimization and Scientific Computing Group From left to right, front row: Dr. Nguy\u1ec5n Trung D\u0169ng, Dr. Nguy\u1ec5n Ph\u01b0\u01a1ng Th\u00f9y, Dr. T\u1ea1 Th\u1ecb Thanh Mai, Dr. Ph\u1ea1m Th\u1ecb Ho\u00e0i, Dr. H\u00e0 Th\u1ecb Ng\u1ecdc Y\u1ebfn; back row: Assoc. Prof. Nguy\u1ec5n Tr\u01b0\u1eddng Thanh, Dr. \u0110\u1eb7ng \u0110\u00ecnh C\u00f4ng, Dr. \u0110\u1ed7 \u0110\u1ee9c T\u00e2m, MSc. Nguy\u1ec5n \u0110\u1ee9c [&hellip;]<\/p>\n","protected":false},"author":1,"featured_media":0,"parent":722,"menu_order":0,"comment_status":"closed","ping_status":"closed","template":"","meta":{"inline_featured_image":false,"footnotes":""},"class_list":["post-1136","page","type-page","status-publish","hentry"],"_links":{"self":[{"href":"https:\/\/fami.hust.edu.vn\/en\/wp-json\/wp\/v2\/pages\/1136","targetHints":{"allow":["GET"]}}],"collection":[{"href":"https:\/\/fami.hust.edu.vn\/en\/wp-json\/wp\/v2\/pages"}],"about":[{"href":"https:\/\/fami.hust.edu.vn\/en\/wp-json\/wp\/v2\/types\/page"}],"author":[{"embeddable":true,"href":"https:\/\/fami.hust.edu.vn\/en\/wp-json\/wp\/v2\/users\/1"}],"replies":[{"embeddable":true,"href":"https:\/\/fami.hust.edu.vn\/en\/wp-json\/wp\/v2\/comments?post=1136"}],"version-history":[{"count":4,"href":"https:\/\/fami.hust.edu.vn\/en\/wp-json\/wp\/v2\/pages\/1136\/revisions"}],"predecessor-version":[{"id":1248,"href":"https:\/\/fami.hust.edu.vn\/en\/wp-json\/wp\/v2\/pages\/1136\/revisions\/1248"}],"up":[{"embeddable":true,"href":"https:\/\/fami.hust.edu.vn\/en\/wp-json\/wp\/v2\/pages\/722"}],"wp:attachment":[{"href":"https:\/\/fami.hust.edu.vn\/en\/wp-json\/wp\/v2\/media?parent=1136"}],"curies":[{"name":"wp","href":"https:\/\/api.w.org\/{rel}","templated":true}]}}