{"id":1133,"date":"2025-09-01T18:05:34","date_gmt":"2025-09-01T11:05:34","guid":{"rendered":"https:\/\/fami.hust.edu.vn\/en\/?page_id=1133"},"modified":"2025-09-05T14:40:06","modified_gmt":"2025-09-05T07:40:06","slug":"mathematical-foundations-for-informatics-and-information-systems-group","status":"publish","type":"page","link":"https:\/\/fami.hust.edu.vn\/en\/academic-group\/mathematical-foundations-for-informatics-and-information-systems-group\/","title":{"rendered":"Mathematical Foundations for Informatics and Information Systems Group"},"content":{"rendered":"<h3><b>Mathematical Foundations for Informatics and Information Systems Group<\/b><\/h3>\n<p><img loading=\"lazy\" decoding=\"async\" class=\"alignnone size-full wp-image-1134\" src=\"https:\/\/fami.hust.edu.vn\/en\/wp-content\/uploads\/2025\/09\/Anh-goc-Nhom-5-1024x576-1.jpg\" alt=\"\" width=\"1024\" height=\"576\" srcset=\"https:\/\/fami.hust.edu.vn\/en\/wp-content\/uploads\/2025\/09\/Anh-goc-Nhom-5-1024x576-1.jpg 1024w, https:\/\/fami.hust.edu.vn\/en\/wp-content\/uploads\/2025\/09\/Anh-goc-Nhom-5-1024x576-1-300x169.jpg 300w, https:\/\/fami.hust.edu.vn\/en\/wp-content\/uploads\/2025\/09\/Anh-goc-Nhom-5-1024x576-1-768x432.jpg 768w, https:\/\/fami.hust.edu.vn\/en\/wp-content\/uploads\/2025\/09\/Anh-goc-Nhom-5-1024x576-1-570x320.jpg 570w, https:\/\/fami.hust.edu.vn\/en\/wp-content\/uploads\/2025\/09\/Anh-goc-Nhom-5-1024x576-1-24x14.jpg 24w, https:\/\/fami.hust.edu.vn\/en\/wp-content\/uploads\/2025\/09\/Anh-goc-Nhom-5-1024x576-1-36x20.jpg 36w, https:\/\/fami.hust.edu.vn\/en\/wp-content\/uploads\/2025\/09\/Anh-goc-Nhom-5-1024x576-1-48x27.jpg 48w\" sizes=\"auto, (max-width: 1024px) 100vw, 1024px\" \/><\/p>\n<p><span style=\"font-weight: 400;\">From left to right, front row: Dr. Nguy\u1ec5n Th\u1ecb Thanh Huy\u1ec1n, Dr. Ph\u1ea1m Huy\u1ec1n Linh, Dr. L\u00ea Kim Th\u01b0, Dr. Ng\u00f4 Th\u1ecb Hi\u1ec1n; back row: Dr. \u0110o\u00e0n Duy Trung, MSc. Nguy\u1ec5n Tu\u1ea5n D\u0169ng, Assoc. Prof. Nguy\u1ec5n \u0110\u00ecnh H\u00e2n (Photo: Dr. V\u0169 Th\u00e0nh Nam)<\/span><\/p>\n<h4><b>General Introduction<\/b><\/h4>\n<p><span style=\"font-weight: 400;\">The <\/span><b>Mathematical Foundations for Informatics and Information Systems Group<\/b><span style=\"font-weight: 400;\"> belongs to the Faculty of Mathematics and Informatics and was established under Decision No. 2501\/Q\u0110-\u0110HBK dated March 21, 2024, by the President of Hanoi University of Science and Technology. The group is responsible for the academic management of foundational and specialized courses in the undergraduate and graduate programs in Mathematics-Informatics and Information Systems Management.<\/span><\/p>\n<p><span style=\"font-weight: 400;\">Building on the University\u2019s and Faculty\u2019s tradition of training high-quality human resources, the group\u2019s teaching staff constantly innovate and improve the quality of the courses they manage. The content of each course under the group\u2019s responsibility is ensured to be up-to-date and modern, meeting the requirements of the curriculum while staying closely aligned with practical applications and technological advances. The group also applies the latest methods and achievements in science and educational technology to its courses, providing students with an engaging and valuable learning experience.<\/span><\/p>\n<p><span style=\"font-weight: 400;\">In addition to teaching, the group undertakes other responsibilities as assigned by the Faculty of Mathematics and Informatics. Notably, the group is leading and collaborating on various research programs, projects, and applications in the fields of Mathematics-Informatics and Information Systems.<\/span><\/p>\n<h4><b>Contact Information<\/b><\/h4>\n<p><span style=\"font-weight: 400;\">Assoc. Prof. Nguy\u1ec5n \u0110\u00ecnh H\u00e2n (Head of the Specialized Group)<\/span><\/p>\n<p><span style=\"font-weight: 400;\">Email: han.nguyendinh@hust.edu.vn<\/span><span style=\"font-weight: 400;\"><br \/>\n<\/span><span style=\"font-weight: 400;\">Phone: +84 243 869 2137<\/span><span style=\"font-weight: 400;\"><br \/>\n<\/span><span style=\"font-weight: 400;\">Address: Room 104, D3 Building, Hanoi University of Science and Technology (1 Dai Co Viet, Bach Mai, Hanoi)<\/span><\/p>\n","protected":false},"excerpt":{"rendered":"<p>Mathematical Foundations for Informatics and Information Systems Group From left to right, front row: Dr. Nguy\u1ec5n Th\u1ecb Thanh Huy\u1ec1n, Dr. Ph\u1ea1m Huy\u1ec1n Linh, Dr. L\u00ea Kim Th\u01b0, Dr. Ng\u00f4 Th\u1ecb Hi\u1ec1n; back row: Dr. \u0110o\u00e0n Duy Trung, MSc. Nguy\u1ec5n Tu\u1ea5n D\u0169ng, Assoc. Prof. Nguy\u1ec5n \u0110\u00ecnh H\u00e2n (Photo: Dr. V\u0169 Th\u00e0nh Nam) [&hellip;]<\/p>\n","protected":false},"author":1,"featured_media":0,"parent":722,"menu_order":0,"comment_status":"closed","ping_status":"closed","template":"","meta":{"inline_featured_image":false,"footnotes":""},"class_list":["post-1133","page","type-page","status-publish","hentry"],"_links":{"self":[{"href":"https:\/\/fami.hust.edu.vn\/en\/wp-json\/wp\/v2\/pages\/1133","targetHints":{"allow":["GET"]}}],"collection":[{"href":"https:\/\/fami.hust.edu.vn\/en\/wp-json\/wp\/v2\/pages"}],"about":[{"href":"https:\/\/fami.hust.edu.vn\/en\/wp-json\/wp\/v2\/types\/page"}],"author":[{"embeddable":true,"href":"https:\/\/fami.hust.edu.vn\/en\/wp-json\/wp\/v2\/users\/1"}],"replies":[{"embeddable":true,"href":"https:\/\/fami.hust.edu.vn\/en\/wp-json\/wp\/v2\/comments?post=1133"}],"version-history":[{"count":7,"href":"https:\/\/fami.hust.edu.vn\/en\/wp-json\/wp\/v2\/pages\/1133\/revisions"}],"predecessor-version":[{"id":1263,"href":"https:\/\/fami.hust.edu.vn\/en\/wp-json\/wp\/v2\/pages\/1133\/revisions\/1263"}],"up":[{"embeddable":true,"href":"https:\/\/fami.hust.edu.vn\/en\/wp-json\/wp\/v2\/pages\/722"}],"wp:attachment":[{"href":"https:\/\/fami.hust.edu.vn\/en\/wp-json\/wp\/v2\/media?parent=1133"}],"curies":[{"name":"wp","href":"https:\/\/api.w.org\/{rel}","templated":true}]}}